{"id":14,"date":"2010-11-16T12:52:54","date_gmt":"2010-11-16T11:52:54","guid":{"rendered":"http:\/\/www.heraproductions.ch\/?page_id=14"},"modified":"2021-09-28T21:07:13","modified_gmt":"2021-09-28T19:07:13","slug":"film","status":"publish","type":"page","link":"https:\/\/www.heraproductions.ch\/?page_id=14","title":{"rendered":"FILM"},"content":{"rendered":"<div class=\"fusion-fullwidth fullwidth-box fusion-builder-row-1 fusion-flex-container nonhundred-percent-fullwidth non-hundred-percent-height-scrolling\" style=\"--awb-border-radius-top-left:0px;--awb-border-radius-top-right:0px;--awb-border-radius-bottom-right:0px;--awb-border-radius-bottom-left:0px;--awb-flex-wrap:wrap;\" ><div class=\"fusion-builder-row fusion-row fusion-flex-align-items-flex-start fusion-flex-content-wrap\" style=\"max-width:1248px;margin-left: calc(-4% \/ 2 );margin-right: calc(-4% \/ 2 );\"><div class=\"fusion-layout-column fusion_builder_column fusion-builder-column-0 fusion_builder_column_2_3 2_3 fusion-flex-column\" style=\"--awb-bg-size:cover;--awb-width-large:66.666666666667%;--awb-margin-top-large:0px;--awb-spacing-right-large:2.88%;--awb-margin-bottom-large:20px;--awb-spacing-left-large:2.88%;--awb-width-medium:66.666666666667%;--awb-order-medium:0;--awb-spacing-right-medium:2.88%;--awb-spacing-left-medium:2.88%;--awb-width-small:100%;--awb-order-small:0;--awb-spacing-right-small:1.92%;--awb-spacing-left-small:1.92%;\"><div class=\"fusion-column-wrapper fusion-column-has-shadow fusion-flex-justify-content-flex-start fusion-content-layout-column\"><div class=\"fusion-text fusion-text-1\"><h4><strong>Kunstfilme<\/strong><\/h4>\n<p>Kunst kommuniziert Werte, Trends, oft die Haltung einer Gesellschaft. Und, Kunst ist kein Luxus. Man kann sagen, dass Kunst \u2015 und im Speziellen der Kunstfilm \u2015 uns nicht nur einen Spiegel vorh\u00e4lt. Ich behaupte, dass die Kunst die Menschen antreibt. Sie treibt die Gedanken voran und l\u00e4sst die Pers\u00f6nlichkeit entwickeln.<\/p>\n<p>Kunst in meinen Filmen ist der Ausdruck einer \u00abl&#8217;art pour l&#8217;art\u00bb. Der hohe Anspruch an die \u00c4sthetik ist der Inbegriff meiner kurzen Poesiefilme. Die Filme handeln nicht nur, sie sind auch \u2015 umgesetzte Gedanken in einer Welt aus Sprache und Bildern. Sie erfordern Zeit, eigene Zeit. Diese Zeit wird zum Genuss, wenn man sich gehen l\u00e4sst und in die Filme hineinhorcht. Sie beruhigen, machen gl\u00fccklich.<\/p>\n<p><b><a href=\"https:\/\/www.heraproductions.ch\/?page_id=144\">Filmografie<\/a><\/b> Cornelia Lindner<\/p>\n<\/div><\/div><\/div><div class=\"fusion-layout-column fusion_builder_column fusion-builder-column-1 fusion_builder_column_1_3 1_3 fusion-flex-column\" style=\"--awb-bg-size:cover;--awb-width-large:33.333333333333%;--awb-margin-top-large:0px;--awb-spacing-right-large:5.76%;--awb-margin-bottom-large:20px;--awb-spacing-left-large:5.76%;--awb-width-medium:33.333333333333%;--awb-order-medium:0;--awb-spacing-right-medium:5.76%;--awb-spacing-left-medium:5.76%;--awb-width-small:100%;--awb-order-small:0;--awb-spacing-right-small:1.92%;--awb-spacing-left-small:1.92%;\"><div class=\"fusion-column-wrapper fusion-column-has-shadow fusion-flex-justify-content-flex-start fusion-content-layout-column\"><div class=\"fusion-reading-box-container reading-box-container-1\" style=\"--awb-title-color:#000000;--awb-margin-top:80px;--awb-margin-bottom:20px;\"><div class=\"reading-box\" style=\"background-color:#f9f9fb;border-width:1px;border-color:rgba(226,226,226,0);border-left-width:3px;border-left-color:var(--primary_color);border-style:solid;\"><h2>Aesthetische Vorschriften existieren f\u00fcr mich nicht. Was f\u00fcr mich wirkt, wirkt.<\/h2><div class=\"reading-box-description fusion-reading-box-additional\">Theodor Fontane, der Stechlin<\/div><div class=\"fusion-clearfix\"><\/div><\/div><\/div><div class=\"fusion-image-element \" style=\"text-align:center;--awb-caption-title-font-family:var(--h2_typography-font-family);--awb-caption-title-font-weight:var(--h2_typography-font-weight);--awb-caption-title-font-style:var(--h2_typography-font-style);--awb-caption-title-size:var(--h2_typography-font-size);--awb-caption-title-transform:var(--h2_typography-text-transform);--awb-caption-title-line-height:var(--h2_typography-line-height);--awb-caption-title-letter-spacing:var(--h2_typography-letter-spacing);\"><span class=\" fusion-imageframe imageframe-none imageframe-1 hover-type-none\" style=\"border:6px solid #e2e2e2;\"><img decoding=\"async\" width=\"153\" height=\"160\" title=\"film_hochmut\" src=\"http:\/\/www.heraproductions.ch\/wp-content\/uploads\/2021\/09\/film_hochmut.jpg\" alt class=\"img-responsive wp-image-669\"\/><\/span><\/div><\/div><\/div><\/div><\/div>\n","protected":false},"excerpt":{"rendered":"","protected":false},"author":6,"featured_media":0,"parent":0,"menu_order":4,"comment_status":"closed","ping_status":"closed","template":"","meta":{"footnotes":""},"class_list":["post-14","page","type-page","status-publish","hentry"],"_links":{"self":[{"href":"https:\/\/www.heraproductions.ch\/index.php?rest_route=\/wp\/v2\/pages\/14","targetHints":{"allow":["GET"]}}],"collection":[{"href":"https:\/\/www.heraproductions.ch\/index.php?rest_route=\/wp\/v2\/pages"}],"about":[{"href":"https:\/\/www.heraproductions.ch\/index.php?rest_route=\/wp\/v2\/types\/page"}],"author":[{"embeddable":true,"href":"https:\/\/www.heraproductions.ch\/index.php?rest_route=\/wp\/v2\/users\/6"}],"replies":[{"embeddable":true,"href":"https:\/\/www.heraproductions.ch\/index.php?rest_route=%2Fwp%2Fv2%2Fcomments&post=14"}],"version-history":[{"count":17,"href":"https:\/\/www.heraproductions.ch\/index.php?rest_route=\/wp\/v2\/pages\/14\/revisions"}],"predecessor-version":[{"id":712,"href":"https:\/\/www.heraproductions.ch\/index.php?rest_route=\/wp\/v2\/pages\/14\/revisions\/712"}],"wp:attachment":[{"href":"https:\/\/www.heraproductions.ch\/index.php?rest_route=%2Fwp%2Fv2%2Fmedia&parent=14"}],"curies":[{"name":"wp","href":"https:\/\/api.w.org\/{rel}","templated":true}]}}