{"id":20,"date":"2010-11-16T12:53:30","date_gmt":"2010-11-16T11:53:30","guid":{"rendered":"http:\/\/www.heraproductions.ch\/?page_id=20"},"modified":"2021-09-28T21:08:42","modified_gmt":"2021-09-28T19:08:42","slug":"theater","status":"publish","type":"page","link":"https:\/\/www.heraproductions.ch\/?page_id=20","title":{"rendered":"THEATER"},"content":{"rendered":"<div class=\"fusion-fullwidth fullwidth-box fusion-builder-row-1 fusion-flex-container nonhundred-percent-fullwidth non-hundred-percent-height-scrolling\" style=\"--awb-border-radius-top-left:0px;--awb-border-radius-top-right:0px;--awb-border-radius-bottom-right:0px;--awb-border-radius-bottom-left:0px;--awb-flex-wrap:wrap;\" ><div class=\"fusion-builder-row fusion-row fusion-flex-align-items-flex-start fusion-flex-content-wrap\" style=\"max-width:1248px;margin-left: calc(-4% \/ 2 );margin-right: calc(-4% \/ 2 );\"><div class=\"fusion-layout-column fusion_builder_column fusion-builder-column-0 fusion_builder_column_2_3 2_3 fusion-flex-column\" style=\"--awb-bg-size:cover;--awb-width-large:66.666666666667%;--awb-margin-top-large:0px;--awb-spacing-right-large:2.88%;--awb-margin-bottom-large:20px;--awb-spacing-left-large:2.88%;--awb-width-medium:66.666666666667%;--awb-order-medium:0;--awb-spacing-right-medium:2.88%;--awb-spacing-left-medium:2.88%;--awb-width-small:100%;--awb-order-small:0;--awb-spacing-right-small:1.92%;--awb-spacing-left-small:1.92%;\"><div class=\"fusion-column-wrapper fusion-column-has-shadow fusion-flex-justify-content-flex-start fusion-content-layout-column\"><div class=\"fusion-text fusion-text-1\"><h4><strong>Theaterspielen f\u00fcr Kinder<\/strong><\/h4>\n<p>Eine der vielseitigsten und abwechslungsreichsten Besch\u00e4ftigungen f\u00fcr Kinder:<\/p>\n<p>Theaterspielen regt prim\u00e4r die Fantasie an. Die eigene Kreativit\u00e4t kommt zum Zug, denn immer wieder erfordert das Spielen einer Figur, sich in diese hineinzudenken. Beim Theaterspielen geht es um ein Gruppenspiel. Das Teamzusammenspiel und der Teamgeist werden gef\u00f6rdert. Gemeinsam erreicht man mehr!<\/p>\n<\/div><div class=\"fusion-image-carousel fusion-image-carousel-auto fusion-image-carousel-1 fusion-carousel-border\"><div class=\"awb-carousel awb-swiper awb-swiper-carousel awb-carousel--carousel awb-swiper-dots-position-bottom\" data-layout=\"carousel\" data-autoplay=\"yes\" data-autoplayspeed=\"2500\" data-autoplaypause=\"no\" data-columns=\"2\" data-columnsmedium=\"1\" data-columnssmall=\"1\" data-itemmargin=\"0\" data-itemwidth=\"180\" data-touchscroll=\"no\" data-freemode=\"no\" data-imagesize=\"auto\" data-scrollitems=\"0\" data-centeredslides=\"no\" data-rotationangle=\"50\" data-depth=\"100\" data-speed=\"500\" data-shadow=\"no\" data-pagination=\"bullets\" style=\"--awb-columns:2;--awb-column-spacing:0px;--awb-border-width:1px;--awb-border-color:#e9eaee;\"><div class=\"swiper-wrapper awb-image-carousel-wrapper fusion-flex-align-items-center\"><div class=\"swiper-slide\"><div class=\"fusion-carousel-item-wrapper\"><div class=\"fusion-image-wrapper hover-type-zoomin\"><img decoding=\"async\" width=\"107\" height=\"160\" src=\"https:\/\/www.heraproductions.ch\/wp-content\/uploads\/2021\/09\/2009_Erzaehlnacht1.jpg\" class=\"attachment-full size-full\" alt=\"\" \/><\/div><\/div><\/div><div class=\"swiper-slide\"><div class=\"fusion-carousel-item-wrapper\"><div class=\"fusion-image-wrapper hover-type-zoomin\"><img decoding=\"async\" width=\"240\" height=\"160\" src=\"https:\/\/www.heraproductions.ch\/wp-content\/uploads\/2021\/09\/2009_Erzaehlnacht2.jpg\" class=\"attachment-full size-full\" alt=\"\" srcset=\"https:\/\/www.heraproductions.ch\/wp-content\/uploads\/2021\/09\/2009_Erzaehlnacht2-200x133.jpg 200w, https:\/\/www.heraproductions.ch\/wp-content\/uploads\/2021\/09\/2009_Erzaehlnacht2.jpg 240w\" sizes=\"(min-width: 2200px) 100vw, (min-width: 712px) 600px, (min-width: 640px) 712px, \" \/><\/div><\/div><\/div><div class=\"swiper-slide\"><div class=\"fusion-carousel-item-wrapper\"><div class=\"fusion-image-wrapper hover-type-zoomin\"><img decoding=\"async\" width=\"107\" height=\"160\" src=\"https:\/\/www.heraproductions.ch\/wp-content\/uploads\/2021\/09\/2009_Erzaehlnacht3.jpg\" class=\"attachment-full size-full\" alt=\"\" \/><\/div><\/div><\/div><div class=\"swiper-slide\"><div class=\"fusion-carousel-item-wrapper\"><div class=\"fusion-image-wrapper hover-type-zoomin\"><img decoding=\"async\" width=\"107\" height=\"160\" src=\"https:\/\/www.heraproductions.ch\/wp-content\/uploads\/2021\/09\/2009_Erzaehlnacht4.jpg\" class=\"attachment-full size-full\" alt=\"\" \/><\/div><\/div><\/div><\/div><div class=\"awb-swiper-button awb-swiper-button-prev\"><i class=\"awb-icon-angle-left\" aria-hidden=\"true\"><\/i><\/div><div class=\"awb-swiper-button awb-swiper-button-next\"><i class=\"awb-icon-angle-right\" aria-hidden=\"true\"><\/i><\/div><\/div><\/div><div class=\"fusion-text fusion-text-2\"><p>Im Theaterspiel k\u00f6nnen die Kinder so sein wie sie sind. Sie haben einen Ort, wo sie sich wohl f\u00fchlen, wo sie Spass haben und erst noch etwas lernen k\u00f6nnen. Auf leichte, spielerische Art. Theaterspielen f\u00f6rdert die Konzentration und das Erinnerungsverm\u00f6gen, den Umgang mit der Sprache und die Selbstsicherheit.<\/p>\n<\/div><\/div><\/div><div class=\"fusion-layout-column fusion_builder_column fusion-builder-column-1 fusion_builder_column_1_3 1_3 fusion-flex-column\" style=\"--awb-bg-size:cover;--awb-width-large:33.333333333333%;--awb-margin-top-large:0px;--awb-spacing-right-large:5.76%;--awb-margin-bottom-large:20px;--awb-spacing-left-large:5.76%;--awb-width-medium:33.333333333333%;--awb-order-medium:0;--awb-spacing-right-medium:5.76%;--awb-spacing-left-medium:5.76%;--awb-width-small:100%;--awb-order-small:0;--awb-spacing-right-small:1.92%;--awb-spacing-left-small:1.92%;\"><div class=\"fusion-column-wrapper fusion-column-has-shadow fusion-flex-justify-content-flex-start fusion-content-layout-column\"><div class=\"fusion-reading-box-container reading-box-container-1\" style=\"--awb-title-color:#000000;--awb-margin-top:80px;--awb-margin-bottom:20px;\"><div class=\"reading-box\" style=\"background-color:#f9f9fb;border-width:1px;border-color:rgba(226,226,226,0);border-left-width:3px;border-left-color:var(--primary_color);border-style:solid;\"><h2>Alle Teilnahme an der Kunst beruht auf der Teilnahme an fremden Existenzen.<\/h2><div class=\"reading-box-description fusion-reading-box-additional\">Friedrich Hebbel, Tageb\u00fccher<\/div><div class=\"fusion-clearfix\"><\/div><\/div><\/div><\/div><\/div><\/div><\/div>\n","protected":false},"excerpt":{"rendered":"","protected":false},"author":6,"featured_media":0,"parent":0,"menu_order":7,"comment_status":"closed","ping_status":"closed","template":"","meta":{"footnotes":""},"class_list":["post-20","page","type-page","status-publish","hentry"],"_links":{"self":[{"href":"https:\/\/www.heraproductions.ch\/index.php?rest_route=\/wp\/v2\/pages\/20","targetHints":{"allow":["GET"]}}],"collection":[{"href":"https:\/\/www.heraproductions.ch\/index.php?rest_route=\/wp\/v2\/pages"}],"about":[{"href":"https:\/\/www.heraproductions.ch\/index.php?rest_route=\/wp\/v2\/types\/page"}],"author":[{"embeddable":true,"href":"https:\/\/www.heraproductions.ch\/index.php?rest_route=\/wp\/v2\/users\/6"}],"replies":[{"embeddable":true,"href":"https:\/\/www.heraproductions.ch\/index.php?rest_route=%2Fwp%2Fv2%2Fcomments&post=20"}],"version-history":[{"count":25,"href":"https:\/\/www.heraproductions.ch\/index.php?rest_route=\/wp\/v2\/pages\/20\/revisions"}],"predecessor-version":[{"id":713,"href":"https:\/\/www.heraproductions.ch\/index.php?rest_route=\/wp\/v2\/pages\/20\/revisions\/713"}],"wp:attachment":[{"href":"https:\/\/www.heraproductions.ch\/index.php?rest_route=%2Fwp%2Fv2%2Fmedia&parent=20"}],"curies":[{"name":"wp","href":"https:\/\/api.w.org\/{rel}","templated":true}]}}