{"id":366,"date":"2012-04-25T22:45:30","date_gmt":"2012-04-25T20:45:30","guid":{"rendered":"http:\/\/www.heraproductions.ch\/?page_id=366"},"modified":"2021-09-26T13:56:23","modified_gmt":"2021-09-26T11:56:23","slug":"apres-midi-literaire","status":"publish","type":"page","link":"https:\/\/www.heraproductions.ch\/?page_id=366","title":{"rendered":"Apr\u00e8s midi lit\u00e9raire"},"content":{"rendered":"<div class=\"fusion-fullwidth fullwidth-box fusion-builder-row-1 fusion-flex-container nonhundred-percent-fullwidth non-hundred-percent-height-scrolling\" style=\"--awb-border-radius-top-left:0px;--awb-border-radius-top-right:0px;--awb-border-radius-bottom-right:0px;--awb-border-radius-bottom-left:0px;--awb-flex-wrap:wrap;\" ><div class=\"fusion-builder-row fusion-row fusion-flex-align-items-flex-start fusion-flex-content-wrap\" style=\"max-width:1248px;margin-left: calc(-4% \/ 2 );margin-right: calc(-4% \/ 2 );\"><div class=\"fusion-layout-column fusion_builder_column fusion-builder-column-0 fusion_builder_column_2_3 2_3 fusion-flex-column\" style=\"--awb-bg-size:cover;--awb-width-large:66.666666666667%;--awb-margin-top-large:0px;--awb-spacing-right-large:2.88%;--awb-margin-bottom-large:0px;--awb-spacing-left-large:2.88%;--awb-width-medium:66.666666666667%;--awb-spacing-right-medium:2.88%;--awb-spacing-left-medium:2.88%;--awb-width-small:100%;--awb-spacing-right-small:1.92%;--awb-spacing-left-small:1.92%;\"><div class=\"fusion-column-wrapper fusion-flex-justify-content-flex-start fusion-content-layout-column\"><div class=\"fusion-text fusion-text-1\"><h4>Geschichten aus der Ilgenhalde<\/h4>\n<p>Eine Nachmittagslesung mit lustigen Geschichten, die geschrieben wurden von ganz speziellen Kindern &#8230; Kinder mit Behinderungen von der Schule Ilgenhalde und Kinder der 5. Klasse von Simone Romann aus Fehraltorf. <\/p>\n<p>Sie haben mit ihren ganz eigenen Geschichten \u00fcber Prinzessinnen, Drachen und K\u00f6nige, aber auch Agenten, Notfall\u00e4rzte und Hirten eine Stunde Gl\u00fcckseligkeit gezaubert.<\/p>\n<p>\nGelesen wurden die Geschichten von der Schauspielerin Cornelia Lindner.<\/p>\n<p><a href=\"http:\/\/www.heraproductions.ch\/?attachment_id=397\" rel=\"attachment wp-att-397\">Flyer Ilgenhalde<\/a><\/p>\n<p><a href=\"http:\/\/www.heraproductions.ch\/?attachment_id=423\" rel=\"attachment wp-att-423\"><img decoding=\"async\" src=\"http:\/\/www.heraproductions.ch\/wp-content\/uploads\/2012\/07\/01-150x150.jpg\" alt=\"Lesung Ilgenhalde\" title=\"2012 Ilgenhalde 01\" class=\"size-thumbnail wp-image-423\" width=\"150\" height=\"150\" srcset=\"https:\/\/www.heraproductions.ch\/wp-content\/uploads\/2012\/07\/01-24x24.jpg 24w, https:\/\/www.heraproductions.ch\/wp-content\/uploads\/2012\/07\/01-36x36.jpg 36w, https:\/\/www.heraproductions.ch\/wp-content\/uploads\/2012\/07\/01-48x48.jpg 48w, https:\/\/www.heraproductions.ch\/wp-content\/uploads\/2012\/07\/01-64x64.jpg 64w, https:\/\/www.heraproductions.ch\/wp-content\/uploads\/2012\/07\/01-96x96.jpg 96w, https:\/\/www.heraproductions.ch\/wp-content\/uploads\/2012\/07\/01-150x150.jpg 150w, https:\/\/www.heraproductions.ch\/wp-content\/uploads\/2012\/07\/01.jpg 615w\" sizes=\"(max-width: 150px) 100vw, 150px\" \/><\/a>   <a href=\"http:\/\/www.heraproductions.ch\/?attachment_id=424\" rel=\"attachment wp-att-424\"><img decoding=\"async\" src=\"http:\/\/www.heraproductions.ch\/wp-content\/uploads\/2012\/07\/02-150x150.jpg\" alt=\"Lesung Ilgenhalde\" title=\"2012 Ilgenhalde 02\" class=\"size-thumbnail wp-image-424\" width=\"150\" height=\"150\" srcset=\"https:\/\/www.heraproductions.ch\/wp-content\/uploads\/2012\/07\/02-24x24.jpg 24w, https:\/\/www.heraproductions.ch\/wp-content\/uploads\/2012\/07\/02-36x36.jpg 36w, https:\/\/www.heraproductions.ch\/wp-content\/uploads\/2012\/07\/02-48x48.jpg 48w, https:\/\/www.heraproductions.ch\/wp-content\/uploads\/2012\/07\/02-64x64.jpg 64w, https:\/\/www.heraproductions.ch\/wp-content\/uploads\/2012\/07\/02-96x96.jpg 96w, https:\/\/www.heraproductions.ch\/wp-content\/uploads\/2012\/07\/02-150x150.jpg 150w, https:\/\/www.heraproductions.ch\/wp-content\/uploads\/2012\/07\/02.jpg 640w\" sizes=\"(max-width: 150px) 100vw, 150px\" \/><\/a>   <a href=\"http:\/\/www.heraproductions.ch\/?attachment_id=425\" rel=\"attachment wp-att-425\"><img decoding=\"async\" src=\"http:\/\/www.heraproductions.ch\/wp-content\/uploads\/2012\/07\/03-150x150.jpg\" alt=\"Lesung Ilgenhalde\" title=\"2012 Ilgenhalde 03\" class=\"size-thumbnail wp-image-425\" width=\"150\" height=\"150\" srcset=\"https:\/\/www.heraproductions.ch\/wp-content\/uploads\/2012\/07\/03-24x24.jpg 24w, https:\/\/www.heraproductions.ch\/wp-content\/uploads\/2012\/07\/03-36x36.jpg 36w, https:\/\/www.heraproductions.ch\/wp-content\/uploads\/2012\/07\/03-48x48.jpg 48w, https:\/\/www.heraproductions.ch\/wp-content\/uploads\/2012\/07\/03-64x64.jpg 64w, https:\/\/www.heraproductions.ch\/wp-content\/uploads\/2012\/07\/03-96x96.jpg 96w, https:\/\/www.heraproductions.ch\/wp-content\/uploads\/2012\/07\/03-150x150.jpg 150w, https:\/\/www.heraproductions.ch\/wp-content\/uploads\/2012\/07\/03.jpg 640w\" sizes=\"(max-width: 150px) 100vw, 150px\" \/><\/a>   <a href=\"http:\/\/www.heraproductions.ch\/?attachment_id=426\" rel=\"attachment wp-att-426\"><img decoding=\"async\" src=\"http:\/\/www.heraproductions.ch\/wp-content\/uploads\/2012\/07\/04-150x150.jpg\" alt=\"Lesung Ilgenhalde\" title=\"2012 Ilgenhalde 04\" class=\"size-thumbnail wp-image-426\" width=\"150\" height=\"150\" srcset=\"https:\/\/www.heraproductions.ch\/wp-content\/uploads\/2012\/07\/04-24x24.jpg 24w, https:\/\/www.heraproductions.ch\/wp-content\/uploads\/2012\/07\/04-36x36.jpg 36w, https:\/\/www.heraproductions.ch\/wp-content\/uploads\/2012\/07\/04-48x48.jpg 48w, https:\/\/www.heraproductions.ch\/wp-content\/uploads\/2012\/07\/04-64x64.jpg 64w, https:\/\/www.heraproductions.ch\/wp-content\/uploads\/2012\/07\/04-96x96.jpg 96w, https:\/\/www.heraproductions.ch\/wp-content\/uploads\/2012\/07\/04-150x150.jpg 150w, https:\/\/www.heraproductions.ch\/wp-content\/uploads\/2012\/07\/04.jpg 640w\" sizes=\"(max-width: 150px) 100vw, 150px\" \/><\/a><br \/>\n<a href=\"http:\/\/www.heraproductions.ch\/?attachment_id=427\" rel=\"attachment wp-att-427\"><img decoding=\"async\" src=\"http:\/\/www.heraproductions.ch\/wp-content\/uploads\/2012\/07\/05-150x150.jpg\" alt=\"Lesung Ilgenhalde\" title=\"2012 Ilgenhalde 05\" class=\"size-thumbnail wp-image-427\" width=\"150\" height=\"150\" srcset=\"https:\/\/www.heraproductions.ch\/wp-content\/uploads\/2012\/07\/05-24x24.jpg 24w, https:\/\/www.heraproductions.ch\/wp-content\/uploads\/2012\/07\/05-36x36.jpg 36w, https:\/\/www.heraproductions.ch\/wp-content\/uploads\/2012\/07\/05-48x48.jpg 48w, https:\/\/www.heraproductions.ch\/wp-content\/uploads\/2012\/07\/05-64x64.jpg 64w, https:\/\/www.heraproductions.ch\/wp-content\/uploads\/2012\/07\/05-96x96.jpg 96w, https:\/\/www.heraproductions.ch\/wp-content\/uploads\/2012\/07\/05-150x150.jpg 150w, https:\/\/www.heraproductions.ch\/wp-content\/uploads\/2012\/07\/05.jpg 640w\" sizes=\"(max-width: 150px) 100vw, 150px\" \/><\/a>   <a href=\"http:\/\/www.heraproductions.ch\/?attachment_id=428\" rel=\"attachment wp-att-428\"><img decoding=\"async\" src=\"http:\/\/www.heraproductions.ch\/wp-content\/uploads\/2012\/07\/06-150x150.jpg\" alt=\"Lesung Ilgenhalde\" title=\"2012 Ilgenhalde 06\" class=\"size-thumbnail wp-image-428\" width=\"150\" height=\"150\" srcset=\"https:\/\/www.heraproductions.ch\/wp-content\/uploads\/2012\/07\/06-24x24.jpg 24w, https:\/\/www.heraproductions.ch\/wp-content\/uploads\/2012\/07\/06-36x36.jpg 36w, https:\/\/www.heraproductions.ch\/wp-content\/uploads\/2012\/07\/06-48x48.jpg 48w, https:\/\/www.heraproductions.ch\/wp-content\/uploads\/2012\/07\/06-64x64.jpg 64w, https:\/\/www.heraproductions.ch\/wp-content\/uploads\/2012\/07\/06-96x96.jpg 96w, https:\/\/www.heraproductions.ch\/wp-content\/uploads\/2012\/07\/06-150x150.jpg 150w, https:\/\/www.heraproductions.ch\/wp-content\/uploads\/2012\/07\/06.jpg 640w\" sizes=\"(max-width: 150px) 100vw, 150px\" \/><\/a>   <a href=\"http:\/\/www.heraproductions.ch\/?attachment_id=429\" rel=\"attachment wp-att-429\"><img decoding=\"async\" src=\"http:\/\/www.heraproductions.ch\/wp-content\/uploads\/2012\/07\/07-150x150.jpg\" alt=\"Lesung Ilgenhalde\" title=\"2012 Ilgenhalde 07\" class=\"size-thumbnail wp-image-429\" width=\"150\" height=\"150\" srcset=\"https:\/\/www.heraproductions.ch\/wp-content\/uploads\/2012\/07\/07-24x24.jpg 24w, https:\/\/www.heraproductions.ch\/wp-content\/uploads\/2012\/07\/07-36x36.jpg 36w, https:\/\/www.heraproductions.ch\/wp-content\/uploads\/2012\/07\/07-48x48.jpg 48w, https:\/\/www.heraproductions.ch\/wp-content\/uploads\/2012\/07\/07-64x64.jpg 64w, https:\/\/www.heraproductions.ch\/wp-content\/uploads\/2012\/07\/07-96x96.jpg 96w, https:\/\/www.heraproductions.ch\/wp-content\/uploads\/2012\/07\/07-150x150.jpg 150w, https:\/\/www.heraproductions.ch\/wp-content\/uploads\/2012\/07\/07.jpg 640w\" sizes=\"(max-width: 150px) 100vw, 150px\" \/><\/a>   <a href=\"http:\/\/www.heraproductions.ch\/?attachment_id=430\" rel=\"attachment wp-att-430\"><img decoding=\"async\" src=\"http:\/\/www.heraproductions.ch\/wp-content\/uploads\/2012\/07\/08-150x150.jpg\" alt=\"Lesung Ilgenhalde\" title=\"2012 Ilgenhalde 08\" class=\"size-thumbnail wp-image-430\" width=\"150\" height=\"150\" srcset=\"https:\/\/www.heraproductions.ch\/wp-content\/uploads\/2012\/07\/08-24x24.jpg 24w, https:\/\/www.heraproductions.ch\/wp-content\/uploads\/2012\/07\/08-36x36.jpg 36w, https:\/\/www.heraproductions.ch\/wp-content\/uploads\/2012\/07\/08-48x48.jpg 48w, https:\/\/www.heraproductions.ch\/wp-content\/uploads\/2012\/07\/08-64x64.jpg 64w, https:\/\/www.heraproductions.ch\/wp-content\/uploads\/2012\/07\/08-96x96.jpg 96w, https:\/\/www.heraproductions.ch\/wp-content\/uploads\/2012\/07\/08-150x150.jpg 150w, https:\/\/www.heraproductions.ch\/wp-content\/uploads\/2012\/07\/08.jpg 640w\" sizes=\"(max-width: 150px) 100vw, 150px\" \/><\/a><br \/>\n<a href=\"http:\/\/www.heraproductions.ch\/?attachment_id=431\" rel=\"attachment wp-att-431\"><img decoding=\"async\" src=\"http:\/\/www.heraproductions.ch\/wp-content\/uploads\/2012\/07\/09-150x150.jpg\" alt=\"Lesung Ilgenhalde\" title=\"2012 Ilgenhalde 09\" class=\"size-thumbnail wp-image-431\" width=\"150\" height=\"150\" srcset=\"https:\/\/www.heraproductions.ch\/wp-content\/uploads\/2012\/07\/09-24x24.jpg 24w, https:\/\/www.heraproductions.ch\/wp-content\/uploads\/2012\/07\/09-36x36.jpg 36w, https:\/\/www.heraproductions.ch\/wp-content\/uploads\/2012\/07\/09-48x48.jpg 48w, https:\/\/www.heraproductions.ch\/wp-content\/uploads\/2012\/07\/09-64x64.jpg 64w, https:\/\/www.heraproductions.ch\/wp-content\/uploads\/2012\/07\/09-96x96.jpg 96w, https:\/\/www.heraproductions.ch\/wp-content\/uploads\/2012\/07\/09-150x150.jpg 150w, https:\/\/www.heraproductions.ch\/wp-content\/uploads\/2012\/07\/09.jpg 640w\" sizes=\"(max-width: 150px) 100vw, 150px\" \/><\/a>   <a href=\"http:\/\/www.heraproductions.ch\/?attachment_id=432\" rel=\"attachment wp-att-432\"><img decoding=\"async\" src=\"http:\/\/www.heraproductions.ch\/wp-content\/uploads\/2012\/07\/10-150x150.jpg\" alt=\"Lesung Ilgenhalde\" title=\"2012 Ilgenhalde 10\" class=\"size-thumbnail wp-image-432\" width=\"150\" height=\"150\" srcset=\"https:\/\/www.heraproductions.ch\/wp-content\/uploads\/2012\/07\/10-24x24.jpg 24w, https:\/\/www.heraproductions.ch\/wp-content\/uploads\/2012\/07\/10-36x36.jpg 36w, https:\/\/www.heraproductions.ch\/wp-content\/uploads\/2012\/07\/10-48x48.jpg 48w, https:\/\/www.heraproductions.ch\/wp-content\/uploads\/2012\/07\/10-64x64.jpg 64w, https:\/\/www.heraproductions.ch\/wp-content\/uploads\/2012\/07\/10-96x96.jpg 96w, https:\/\/www.heraproductions.ch\/wp-content\/uploads\/2012\/07\/10-150x150.jpg 150w, https:\/\/www.heraproductions.ch\/wp-content\/uploads\/2012\/07\/10.jpg 640w\" sizes=\"(max-width: 150px) 100vw, 150px\" \/><\/a>   <a href=\"http:\/\/www.heraproductions.ch\/?attachment_id=433\" rel=\"attachment wp-att-433\"><img decoding=\"async\" src=\"http:\/\/www.heraproductions.ch\/wp-content\/uploads\/2012\/07\/11-150x150.jpg\" alt=\"Lesung Ilgenhalde\" title=\"2012 Ilgenhalde 11\" class=\"size-thumbnail wp-image-433\" width=\"150\" height=\"150\" srcset=\"https:\/\/www.heraproductions.ch\/wp-content\/uploads\/2012\/07\/11-24x24.jpg 24w, https:\/\/www.heraproductions.ch\/wp-content\/uploads\/2012\/07\/11-36x36.jpg 36w, https:\/\/www.heraproductions.ch\/wp-content\/uploads\/2012\/07\/11-48x48.jpg 48w, https:\/\/www.heraproductions.ch\/wp-content\/uploads\/2012\/07\/11-64x64.jpg 64w, https:\/\/www.heraproductions.ch\/wp-content\/uploads\/2012\/07\/11-96x96.jpg 96w, https:\/\/www.heraproductions.ch\/wp-content\/uploads\/2012\/07\/11-150x150.jpg 150w, https:\/\/www.heraproductions.ch\/wp-content\/uploads\/2012\/07\/11.jpg 640w\" sizes=\"(max-width: 150px) 100vw, 150px\" \/><\/a>   <a href=\"http:\/\/www.heraproductions.ch\/?attachment_id=434\" rel=\"attachment wp-att-434\"><img decoding=\"async\" src=\"http:\/\/www.heraproductions.ch\/wp-content\/uploads\/2012\/07\/12-150x150.jpg\" alt=\"Lesung Ilgenhalde\" title=\"2012 Ilgenhalde 12\" class=\"size-thumbnail wp-image-434\" width=\"150\" height=\"150\" srcset=\"https:\/\/www.heraproductions.ch\/wp-content\/uploads\/2012\/07\/12-24x24.jpg 24w, https:\/\/www.heraproductions.ch\/wp-content\/uploads\/2012\/07\/12-36x36.jpg 36w, https:\/\/www.heraproductions.ch\/wp-content\/uploads\/2012\/07\/12-48x48.jpg 48w, https:\/\/www.heraproductions.ch\/wp-content\/uploads\/2012\/07\/12-64x64.jpg 64w, https:\/\/www.heraproductions.ch\/wp-content\/uploads\/2012\/07\/12-96x96.jpg 96w, https:\/\/www.heraproductions.ch\/wp-content\/uploads\/2012\/07\/12-150x150.jpg 150w, https:\/\/www.heraproductions.ch\/wp-content\/uploads\/2012\/07\/12.jpg 640w\" sizes=\"(max-width: 150px) 100vw, 150px\" \/><\/a><br \/>\n<a href=\"http:\/\/www.heraproductions.ch\/?attachment_id=435\" rel=\"attachment wp-att-435\"><img decoding=\"async\" src=\"http:\/\/www.heraproductions.ch\/wp-content\/uploads\/2012\/07\/13-150x150.jpg\" alt=\"Lesung Ilgenhalde\" title=\"2012 Ilgenhalde 13\" class=\"size-thumbnail wp-image-435\" width=\"150\" height=\"150\" srcset=\"https:\/\/www.heraproductions.ch\/wp-content\/uploads\/2012\/07\/13-24x24.jpg 24w, https:\/\/www.heraproductions.ch\/wp-content\/uploads\/2012\/07\/13-36x36.jpg 36w, https:\/\/www.heraproductions.ch\/wp-content\/uploads\/2012\/07\/13-48x48.jpg 48w, https:\/\/www.heraproductions.ch\/wp-content\/uploads\/2012\/07\/13-64x64.jpg 64w, https:\/\/www.heraproductions.ch\/wp-content\/uploads\/2012\/07\/13-96x96.jpg 96w, https:\/\/www.heraproductions.ch\/wp-content\/uploads\/2012\/07\/13-150x150.jpg 150w, https:\/\/www.heraproductions.ch\/wp-content\/uploads\/2012\/07\/13.jpg 640w\" sizes=\"(max-width: 150px) 100vw, 150px\" \/><\/a>   <a href=\"http:\/\/www.heraproductions.ch\/?attachment_id=436\" rel=\"attachment wp-att-436\"><img decoding=\"async\" src=\"http:\/\/www.heraproductions.ch\/wp-content\/uploads\/2012\/07\/14-150x150.jpg\" alt=\"Lesung Ilgenhalde\" title=\"2012 Ilgenhalde 14\" class=\"size-thumbnail wp-image-436\" width=\"150\" height=\"150\" srcset=\"https:\/\/www.heraproductions.ch\/wp-content\/uploads\/2012\/07\/14-24x24.jpg 24w, https:\/\/www.heraproductions.ch\/wp-content\/uploads\/2012\/07\/14-36x36.jpg 36w, https:\/\/www.heraproductions.ch\/wp-content\/uploads\/2012\/07\/14-48x48.jpg 48w, https:\/\/www.heraproductions.ch\/wp-content\/uploads\/2012\/07\/14-64x64.jpg 64w, https:\/\/www.heraproductions.ch\/wp-content\/uploads\/2012\/07\/14-96x96.jpg 96w, https:\/\/www.heraproductions.ch\/wp-content\/uploads\/2012\/07\/14-150x150.jpg 150w, https:\/\/www.heraproductions.ch\/wp-content\/uploads\/2012\/07\/14.jpg 640w\" sizes=\"(max-width: 150px) 100vw, 150px\" \/><\/a>   <a href=\"http:\/\/www.heraproductions.ch\/?attachment_id=437\" rel=\"attachment wp-att-437\"><img decoding=\"async\" src=\"http:\/\/www.heraproductions.ch\/wp-content\/uploads\/2012\/07\/15-150x150.jpg\" alt=\"Lesung Ilgenhalde\" title=\"2012 Ilgenhalde 15\" class=\"size-thumbnail wp-image-437\" width=\"150\" height=\"150\" srcset=\"https:\/\/www.heraproductions.ch\/wp-content\/uploads\/2012\/07\/15-24x24.jpg 24w, https:\/\/www.heraproductions.ch\/wp-content\/uploads\/2012\/07\/15-36x36.jpg 36w, https:\/\/www.heraproductions.ch\/wp-content\/uploads\/2012\/07\/15-48x48.jpg 48w, https:\/\/www.heraproductions.ch\/wp-content\/uploads\/2012\/07\/15-64x64.jpg 64w, https:\/\/www.heraproductions.ch\/wp-content\/uploads\/2012\/07\/15-96x96.jpg 96w, https:\/\/www.heraproductions.ch\/wp-content\/uploads\/2012\/07\/15-150x150.jpg 150w, https:\/\/www.heraproductions.ch\/wp-content\/uploads\/2012\/07\/15.jpg 640w\" sizes=\"(max-width: 150px) 100vw, 150px\" \/><\/a>   <a href=\"http:\/\/www.heraproductions.ch\/?attachment_id=438\" rel=\"attachment wp-att-438\"><img decoding=\"async\" src=\"http:\/\/www.heraproductions.ch\/wp-content\/uploads\/2012\/07\/16-150x150.jpg\" alt=\"Lesung Ilgenhalde\" title=\"2012 Ilgenhalde 16\" class=\"size-thumbnail wp-image-438\" width=\"150\" height=\"150\" srcset=\"https:\/\/www.heraproductions.ch\/wp-content\/uploads\/2012\/07\/16-24x24.jpg 24w, https:\/\/www.heraproductions.ch\/wp-content\/uploads\/2012\/07\/16-36x36.jpg 36w, https:\/\/www.heraproductions.ch\/wp-content\/uploads\/2012\/07\/16-48x48.jpg 48w, https:\/\/www.heraproductions.ch\/wp-content\/uploads\/2012\/07\/16-64x64.jpg 64w, https:\/\/www.heraproductions.ch\/wp-content\/uploads\/2012\/07\/16-96x96.jpg 96w, https:\/\/www.heraproductions.ch\/wp-content\/uploads\/2012\/07\/16-150x150.jpg 150w, https:\/\/www.heraproductions.ch\/wp-content\/uploads\/2012\/07\/16.jpg 640w\" sizes=\"(max-width: 150px) 100vw, 150px\" \/><\/a><br \/>\n<a href=\"http:\/\/www.heraproductions.ch\/?attachment_id=439\" rel=\"attachment wp-att-439\"><img decoding=\"async\" src=\"http:\/\/www.heraproductions.ch\/wp-content\/uploads\/2012\/07\/17-150x150.jpg\" alt=\"Lesung Ilgenhalde\" title=\"2012 Ilgenhalde 17\" class=\"size-thumbnail wp-image-439\" width=\"150\" height=\"150\" srcset=\"https:\/\/www.heraproductions.ch\/wp-content\/uploads\/2012\/07\/17-24x24.jpg 24w, https:\/\/www.heraproductions.ch\/wp-content\/uploads\/2012\/07\/17-36x36.jpg 36w, https:\/\/www.heraproductions.ch\/wp-content\/uploads\/2012\/07\/17-48x48.jpg 48w, https:\/\/www.heraproductions.ch\/wp-content\/uploads\/2012\/07\/17-64x64.jpg 64w, https:\/\/www.heraproductions.ch\/wp-content\/uploads\/2012\/07\/17-96x96.jpg 96w, https:\/\/www.heraproductions.ch\/wp-content\/uploads\/2012\/07\/17-150x150.jpg 150w, https:\/\/www.heraproductions.ch\/wp-content\/uploads\/2012\/07\/17.jpg 640w\" sizes=\"(max-width: 150px) 100vw, 150px\" \/><\/a>   <a href=\"http:\/\/www.heraproductions.ch\/?attachment_id=440\" rel=\"attachment wp-att-440\"><img decoding=\"async\" src=\"http:\/\/www.heraproductions.ch\/wp-content\/uploads\/2012\/07\/18-150x150.jpg\" alt=\"Lesung Ilgenhalde\" title=\"2012 Ilgenhalde 18\" class=\"size-thumbnail wp-image-440\" width=\"150\" height=\"150\" srcset=\"https:\/\/www.heraproductions.ch\/wp-content\/uploads\/2012\/07\/18-24x24.jpg 24w, https:\/\/www.heraproductions.ch\/wp-content\/uploads\/2012\/07\/18-36x36.jpg 36w, https:\/\/www.heraproductions.ch\/wp-content\/uploads\/2012\/07\/18-48x48.jpg 48w, https:\/\/www.heraproductions.ch\/wp-content\/uploads\/2012\/07\/18-64x64.jpg 64w, https:\/\/www.heraproductions.ch\/wp-content\/uploads\/2012\/07\/18-96x96.jpg 96w, https:\/\/www.heraproductions.ch\/wp-content\/uploads\/2012\/07\/18-150x150.jpg 150w, https:\/\/www.heraproductions.ch\/wp-content\/uploads\/2012\/07\/18.jpg 640w\" sizes=\"(max-width: 150px) 100vw, 150px\" \/><\/a>   <a href=\"http:\/\/www.heraproductions.ch\/?attachment_id=441\" rel=\"attachment wp-att-441\"><img decoding=\"async\" src=\"http:\/\/www.heraproductions.ch\/wp-content\/uploads\/2012\/07\/19-150x150.jpg\" alt=\"Lesung Ilgenhalde\" title=\"2012 Ilgenhalde 19\" class=\"size-thumbnail wp-image-441\" width=\"150\" height=\"150\" srcset=\"https:\/\/www.heraproductions.ch\/wp-content\/uploads\/2012\/07\/19-24x24.jpg 24w, https:\/\/www.heraproductions.ch\/wp-content\/uploads\/2012\/07\/19-36x36.jpg 36w, https:\/\/www.heraproductions.ch\/wp-content\/uploads\/2012\/07\/19-48x48.jpg 48w, https:\/\/www.heraproductions.ch\/wp-content\/uploads\/2012\/07\/19-64x64.jpg 64w, https:\/\/www.heraproductions.ch\/wp-content\/uploads\/2012\/07\/19-96x96.jpg 96w, https:\/\/www.heraproductions.ch\/wp-content\/uploads\/2012\/07\/19-150x150.jpg 150w, https:\/\/www.heraproductions.ch\/wp-content\/uploads\/2012\/07\/19.jpg 640w\" sizes=\"(max-width: 150px) 100vw, 150px\" \/><\/a>   <a href=\"http:\/\/www.heraproductions.ch\/?attachment_id=442\" rel=\"attachment wp-att-442\"><img decoding=\"async\" src=\"http:\/\/www.heraproductions.ch\/wp-content\/uploads\/2012\/07\/20-150x150.jpg\" alt=\"Lesung Ilgenhalde\" title=\"2012 Ilgenhalde 20\" class=\"size-thumbnail wp-image-442\" width=\"150\" height=\"150\" srcset=\"https:\/\/www.heraproductions.ch\/wp-content\/uploads\/2012\/07\/20-24x24.jpg 24w, https:\/\/www.heraproductions.ch\/wp-content\/uploads\/2012\/07\/20-36x36.jpg 36w, https:\/\/www.heraproductions.ch\/wp-content\/uploads\/2012\/07\/20-48x48.jpg 48w, https:\/\/www.heraproductions.ch\/wp-content\/uploads\/2012\/07\/20-64x64.jpg 64w, https:\/\/www.heraproductions.ch\/wp-content\/uploads\/2012\/07\/20-96x96.jpg 96w, https:\/\/www.heraproductions.ch\/wp-content\/uploads\/2012\/07\/20-150x150.jpg 150w, https:\/\/www.heraproductions.ch\/wp-content\/uploads\/2012\/07\/20.jpg 640w\" sizes=\"(max-width: 150px) 100vw, 150px\" \/><\/a><\/p>\n<p>Informationen: <a href=\"http:\/\/www.stiftungilgenhalde.ch\/sonderschulheim-ilgenhalde\/aktuelles\/\">Ilgenhalde Fehraltorf<\/a><\/p>\n<p>Ort: Aula Ilgenhalde, Russikerstr. 64, 8320 Fehraltorf<\/p>\n<p><a href=\"http:\/\/www.heraproductions.ch\/?attachment_id=412\" rel=\"attachment wp-att-412\">Artikel Regionalzeitung &#8222;Regio&#8220;<\/a><\/p>\n<\/div><\/div><\/div><div class=\"fusion-layout-column fusion_builder_column fusion-builder-column-1 fusion_builder_column_1_3 1_3 fusion-flex-column\" style=\"--awb-bg-size:cover;--awb-width-large:33.333333333333%;--awb-margin-top-large:0px;--awb-spacing-right-large:5.76%;--awb-margin-bottom-large:0px;--awb-spacing-left-large:5.76%;--awb-width-medium:33.333333333333%;--awb-spacing-right-medium:5.76%;--awb-spacing-left-medium:5.76%;--awb-width-small:100%;--awb-spacing-right-small:1.92%;--awb-spacing-left-small:1.92%;\"><div class=\"fusion-column-wrapper fusion-flex-justify-content-flex-start fusion-content-layout-column\"><div class=\"fusion-image-element \" style=\"text-align:center;--awb-margin-top:120px;--awb-caption-title-font-family:var(--h2_typography-font-family);--awb-caption-title-font-weight:var(--h2_typography-font-weight);--awb-caption-title-font-style:var(--h2_typography-font-style);--awb-caption-title-size:var(--h2_typography-font-size);--awb-caption-title-transform:var(--h2_typography-text-transform);--awb-caption-title-line-height:var(--h2_typography-line-height);--awb-caption-title-letter-spacing:var(--h2_typography-letter-spacing);\"><span class=\" fusion-imageframe imageframe-none imageframe-1 hover-type-none\" style=\"border:6px solid #e2e2e2;\"><img decoding=\"async\" width=\"265\" height=\"261\" title=\"apres midi literaire\" src=\"http:\/\/www.heraproductions.ch\/wp-content\/uploads\/2012\/04\/apres-midi-literaire.jpg\" alt class=\"img-responsive wp-image-402\" srcset=\"https:\/\/www.heraproductions.ch\/wp-content\/uploads\/2012\/04\/apres-midi-literaire-24x24.jpg 24w, https:\/\/www.heraproductions.ch\/wp-content\/uploads\/2012\/04\/apres-midi-literaire-36x36.jpg 36w, https:\/\/www.heraproductions.ch\/wp-content\/uploads\/2012\/04\/apres-midi-literaire-48x48.jpg 48w, https:\/\/www.heraproductions.ch\/wp-content\/uploads\/2012\/04\/apres-midi-literaire-64x64.jpg 64w, https:\/\/www.heraproductions.ch\/wp-content\/uploads\/2012\/04\/apres-midi-literaire-96x96.jpg 96w, https:\/\/www.heraproductions.ch\/wp-content\/uploads\/2012\/04\/apres-midi-literaire.jpg 265w\" sizes=\"(max-width: 265px) 100vw, 265px\" \/><\/span><\/div><\/div><\/div><\/div><\/div>\n","protected":false},"excerpt":{"rendered":"","protected":false},"author":6,"featured_media":0,"parent":12,"menu_order":4,"comment_status":"closed","ping_status":"closed","template":"","meta":{"footnotes":""},"class_list":["post-366","page","type-page","status-publish","hentry"],"_links":{"self":[{"href":"https:\/\/www.heraproductions.ch\/index.php?rest_route=\/wp\/v2\/pages\/366","targetHints":{"allow":["GET"]}}],"collection":[{"href":"https:\/\/www.heraproductions.ch\/index.php?rest_route=\/wp\/v2\/pages"}],"about":[{"href":"https:\/\/www.heraproductions.ch\/index.php?rest_route=\/wp\/v2\/types\/page"}],"author":[{"embeddable":true,"href":"https:\/\/www.heraproductions.ch\/index.php?rest_route=\/wp\/v2\/users\/6"}],"replies":[{"embeddable":true,"href":"https:\/\/www.heraproductions.ch\/index.php?rest_route=%2Fwp%2Fv2%2Fcomments&post=366"}],"version-history":[{"count":57,"href":"https:\/\/www.heraproductions.ch\/index.php?rest_route=\/wp\/v2\/pages\/366\/revisions"}],"predecessor-version":[{"id":698,"href":"https:\/\/www.heraproductions.ch\/index.php?rest_route=\/wp\/v2\/pages\/366\/revisions\/698"}],"up":[{"embeddable":true,"href":"https:\/\/www.heraproductions.ch\/index.php?rest_route=\/wp\/v2\/pages\/12"}],"wp:attachment":[{"href":"https:\/\/www.heraproductions.ch\/index.php?rest_route=%2Fwp%2Fv2%2Fmedia&parent=366"}],"curies":[{"name":"wp","href":"https:\/\/api.w.org\/{rel}","templated":true}]}}