{"id":39,"date":"2010-12-10T16:45:39","date_gmt":"2010-12-10T15:45:39","guid":{"rendered":"http:\/\/www.heraproductions.ch\/?page_id=39"},"modified":"2025-02-16T19:53:06","modified_gmt":"2025-02-16T18:53:06","slug":"home","status":"publish","type":"page","link":"https:\/\/www.heraproductions.ch\/","title":{"rendered":"HOME"},"content":{"rendered":"<p><div class=\"fusion-fullwidth fullwidth-box fusion-builder-row-1 fusion-flex-container nonhundred-percent-fullwidth non-hundred-percent-height-scrolling\" style=\"--awb-border-radius-top-left:0px;--awb-border-radius-top-right:0px;--awb-border-radius-bottom-right:0px;--awb-border-radius-bottom-left:0px;--awb-flex-wrap:wrap;\" ><div class=\"fusion-builder-row fusion-row fusion-flex-align-items-flex-start fusion-flex-content-wrap\" style=\"max-width:1248px;margin-left: calc(-4% \/ 2 );margin-right: calc(-4% \/ 2 );\"><div class=\"fusion-layout-column fusion_builder_column fusion-builder-column-0 fusion_builder_column_1_1 1_1 fusion-flex-column\" style=\"--awb-bg-size:cover;--awb-width-large:100%;--awb-margin-top-large:0px;--awb-spacing-right-large:1.92%;--awb-margin-bottom-large:20px;--awb-spacing-left-large:1.92%;--awb-width-medium:100%;--awb-order-medium:0;--awb-spacing-right-medium:1.92%;--awb-spacing-left-medium:1.92%;--awb-width-small:100%;--awb-order-small:0;--awb-spacing-right-small:1.92%;--awb-spacing-left-small:1.92%;\"><div class=\"fusion-column-wrapper fusion-column-has-shadow fusion-flex-justify-content-flex-start fusion-content-layout-column\"><div class=\"fusion-image-element \" style=\"text-align:center;--awb-caption-title-font-family:var(--h2_typography-font-family);--awb-caption-title-font-weight:var(--h2_typography-font-weight);--awb-caption-title-font-style:var(--h2_typography-font-style);--awb-caption-title-size:var(--h2_typography-font-size);--awb-caption-title-transform:var(--h2_typography-text-transform);--awb-caption-title-line-height:var(--h2_typography-line-height);--awb-caption-title-letter-spacing:var(--h2_typography-letter-spacing);\"><span class=\" fusion-imageframe imageframe-none imageframe-1 hover-type-none fusion-animated\" data-animationType=\"fadeInDown\" data-animationDuration=\"0.9\" data-animationOffset=\"top-into-view\"><a class=\"fusion-no-lightbox\" href=\"https:\/\/www.heraproductions.ch\/?page_id=202\" target=\"_self\" aria-label=\"Lesezeichen Fr\u00fchling\"><img decoding=\"async\" width=\"760\" height=\"180\" src=\"http:\/\/www.heraproductions.ch\/wp-content\/uploads\/2010\/12\/Lesezeichen-Fr\u00fchling.jpg\" alt class=\"img-responsive wp-image-490\" srcset=\"https:\/\/www.heraproductions.ch\/wp-content\/uploads\/2010\/12\/Lesezeichen-Fr\u00fchling-300x71.jpg 300w, https:\/\/www.heraproductions.ch\/wp-content\/uploads\/2010\/12\/Lesezeichen-Fr\u00fchling.jpg 760w\" sizes=\"(max-width: 760px) 100vw, 760px\" \/><\/a><\/span><\/div><\/div><\/div><\/div><\/div><div class=\"fusion-fullwidth fullwidth-box fusion-builder-row-2 fusion-flex-container nonhundred-percent-fullwidth non-hundred-percent-height-scrolling\" style=\"--awb-border-radius-top-left:0px;--awb-border-radius-top-right:0px;--awb-border-radius-bottom-right:0px;--awb-border-radius-bottom-left:0px;--awb-flex-wrap:wrap;\" ><div class=\"fusion-builder-row fusion-row fusion-flex-align-items-flex-start fusion-flex-content-wrap\" style=\"max-width:1248px;margin-left: calc(-4% \/ 2 );margin-right: calc(-4% \/ 2 );\"><div class=\"fusion-layout-column fusion_builder_column fusion-builder-column-1 fusion_builder_column_2_3 2_3 fusion-flex-column\" style=\"--awb-bg-size:cover;--awb-width-large:66.666666666667%;--awb-margin-top-large:0px;--awb-spacing-right-large:2.88%;--awb-margin-bottom-large:20px;--awb-spacing-left-large:2.88%;--awb-width-medium:66.666666666667%;--awb-order-medium:0;--awb-spacing-right-medium:2.88%;--awb-spacing-left-medium:2.88%;--awb-width-small:100%;--awb-order-small:0;--awb-spacing-right-small:1.92%;--awb-spacing-left-small:1.92%;\"><div class=\"fusion-column-wrapper fusion-column-has-shadow fusion-flex-justify-content-flex-start fusion-content-layout-column\"><div class=\"fusion-text fusion-text-1\"><h4><strong>Willkommen Welcome<\/strong> <strong>Bienvenue<\/strong><\/h4>\n<p>There\u2019s no business like showbusiness. B\u00fchnenluft bezaubert.<\/p>\n<p>Wir sind da f\u00fcr Sie &#8211; f\u00fcr kleine und grosse Anl\u00e4sse, kleine und grosse W\u00fcnsche.<\/p>\n<p>Sehen Sie selbst:<\/p>\n<p><b><a href=\"https:\/\/www.heraproductions.ch\/?page_id=12\">Lesungen<\/a><\/b> Inszenierte Lesung oder Autorenlesung f\u00fcr viele Geschm\u00e4cker.<\/p>\n<p><b><a href=\"https:\/\/www.heraproductions.ch\/?page_id=16\">Salonensemble<\/a><\/b> von Salonmusik bis Jazz und bekannten Melodien aus Film und Theater.<\/p>\n<p><b><a href=\"https:\/\/www.heraproductions.ch\/?page_id=8\">Kammermusical<\/a><\/b> \u201cBitters\u00fcss\u201d, das Leben des Oscar Wilde.<\/p>\n<p><b><a href=\"http:\/\/www.dufttour.ch\">Stadtf\u00fchrungen<\/a><\/b> mit Duft und Wissen<\/p>\n<p>Der passende Auftritt ist auch erlernbar:<\/p>\n<p><b><a href=\"https:\/\/www.heraproductions.ch\/?page_id=18\"> Buchliteratur<\/a><\/b><\/p>\n<p><b><a href=\"https:\/\/sprechpunkt.heraproductions.ch\/\">Kurse<\/a><\/b><\/p>\n<\/div><\/div><\/div><div class=\"fusion-layout-column fusion_builder_column fusion-builder-column-2 fusion_builder_column_1_3 1_3 fusion-flex-column\" style=\"--awb-bg-size:cover;--awb-width-large:33.333333333333%;--awb-margin-top-large:0px;--awb-spacing-right-large:5.76%;--awb-margin-bottom-large:20px;--awb-spacing-left-large:5.76%;--awb-width-medium:33.333333333333%;--awb-order-medium:0;--awb-spacing-right-medium:5.76%;--awb-spacing-left-medium:5.76%;--awb-width-small:100%;--awb-order-small:0;--awb-spacing-right-small:1.92%;--awb-spacing-left-small:1.92%;\"><div class=\"fusion-column-wrapper fusion-column-has-shadow fusion-flex-justify-content-flex-start fusion-content-layout-column\"><div class=\"fusion-reading-box-container reading-box-container-1\" style=\"--awb-title-color:#000000;--awb-margin-top:80px;--awb-margin-bottom:20px;\"><div class=\"reading-box\" style=\"background-color:#e9eae8;border-width:3px;border-color:rgba(226,226,226,0);border-left-width:3px;border-left-color:var(--primary_color);border-style:solid;\"><h2>Ich habe einen ganz einfachen Geschmack: Ich bin nur mit dem Besten zufrieden!<\/h2><div class=\"reading-box-description fusion-reading-box-additional\">Oscar Wilde<\/div><div class=\"fusion-clearfix\"><\/div><\/div><\/div><\/div><\/div><\/div><\/div><\/p>\n","protected":false},"excerpt":{"rendered":"","protected":false},"author":6,"featured_media":0,"parent":0,"menu_order":1,"comment_status":"closed","ping_status":"closed","template":"","meta":{"footnotes":""},"class_list":["post-39","page","type-page","status-publish","hentry"],"_links":{"self":[{"href":"https:\/\/www.heraproductions.ch\/index.php?rest_route=\/wp\/v2\/pages\/39","targetHints":{"allow":["GET"]}}],"collection":[{"href":"https:\/\/www.heraproductions.ch\/index.php?rest_route=\/wp\/v2\/pages"}],"about":[{"href":"https:\/\/www.heraproductions.ch\/index.php?rest_route=\/wp\/v2\/types\/page"}],"author":[{"embeddable":true,"href":"https:\/\/www.heraproductions.ch\/index.php?rest_route=\/wp\/v2\/users\/6"}],"replies":[{"embeddable":true,"href":"https:\/\/www.heraproductions.ch\/index.php?rest_route=%2Fwp%2Fv2%2Fcomments&post=39"}],"version-history":[{"count":112,"href":"https:\/\/www.heraproductions.ch\/index.php?rest_route=\/wp\/v2\/pages\/39\/revisions"}],"predecessor-version":[{"id":764,"href":"https:\/\/www.heraproductions.ch\/index.php?rest_route=\/wp\/v2\/pages\/39\/revisions\/764"}],"wp:attachment":[{"href":"https:\/\/www.heraproductions.ch\/index.php?rest_route=%2Fwp%2Fv2%2Fmedia&parent=39"}],"curies":[{"name":"wp","href":"https:\/\/api.w.org\/{rel}","templated":true}]}}