{"id":509,"date":"2013-05-01T21:54:39","date_gmt":"2013-05-01T19:54:39","guid":{"rendered":"http:\/\/www.heraproductions.ch\/?page_id=509"},"modified":"2016-03-21T21:13:15","modified_gmt":"2016-03-21T20:13:15","slug":"wer-gut-spricht-kommt-weiter","status":"publish","type":"page","link":"https:\/\/www.heraproductions.ch\/?page_id=509","title":{"rendered":"Wer gut spricht, kommt weiter!"},"content":{"rendered":"<div id=\"attachment_514\" style=\"width: 206px\" class=\"wp-caption alignleft\"><a href=\"http:\/\/www.einband.ch\/?page_id=64\"><img decoding=\"async\" aria-describedby=\"caption-attachment-514\" class=\"size-medium wp-image-514\" title=\"Wer gut spricht, kommt weiter!\" src=\"http:\/\/www.heraproductions.ch\/wp-content\/uploads\/2013\/05\/Cover-front-bildschirm-196x300.jpg\" alt=\"Wer gut spricht, kommt weiter!\" width=\"196\" height=\"300\" srcset=\"https:\/\/www.heraproductions.ch\/wp-content\/uploads\/2013\/05\/Cover-front-bildschirm-196x300.jpg 196w, https:\/\/www.heraproductions.ch\/wp-content\/uploads\/2013\/05\/Cover-front-bildschirm.jpg 487w\" sizes=\"(max-width: 196px) 100vw, 196px\" \/><\/a><p id=\"caption-attachment-514\" class=\"wp-caption-text\">Wer gut spricht, kommt weiter!<\/p><\/div>\n<p>Von der Idee \u00fcber den Text bis zur Rede vor Publikum oder Kamera: Cornelia Lindner\u2019s umfassender Ratgeber f\u00fcr professionelles Sprechen enth\u00e4lt neben leicht zu lesender Theorie viele Tipps aus der Praxis.<\/p>\n<p>Das Buch hilft allen, die vor Publikum auftreten wollen. Dabei spannt die Autorin einen umfassenden Bogen zum Thema Rede und Auftritt: von der Atmung, \u00fcber die korrekte K\u00f6rperhaltung bis zum richtigen Outfit; von der richtigen Wortwahl bis zur gekonnten Betonung ganzer S\u00e4tze.<\/p>\n<p>F\u00fcr weitere Informationen zum Buch und f\u00fcr Bestellungen bitte aufs Bild klicken!<\/p>\n","protected":false},"excerpt":{"rendered":"<p>Von der Idee \u00fcber den Text bis zur Rede vor  [&#8230;]<\/p>\n","protected":false},"author":6,"featured_media":0,"parent":18,"menu_order":0,"comment_status":"closed","ping_status":"closed","template":"","meta":{"footnotes":""},"class_list":["post-509","page","type-page","status-publish","hentry"],"_links":{"self":[{"href":"https:\/\/www.heraproductions.ch\/index.php?rest_route=\/wp\/v2\/pages\/509","targetHints":{"allow":["GET"]}}],"collection":[{"href":"https:\/\/www.heraproductions.ch\/index.php?rest_route=\/wp\/v2\/pages"}],"about":[{"href":"https:\/\/www.heraproductions.ch\/index.php?rest_route=\/wp\/v2\/types\/page"}],"author":[{"embeddable":true,"href":"https:\/\/www.heraproductions.ch\/index.php?rest_route=\/wp\/v2\/users\/6"}],"replies":[{"embeddable":true,"href":"https:\/\/www.heraproductions.ch\/index.php?rest_route=%2Fwp%2Fv2%2Fcomments&post=509"}],"version-history":[{"count":20,"href":"https:\/\/www.heraproductions.ch\/index.php?rest_route=\/wp\/v2\/pages\/509\/revisions"}],"predecessor-version":[{"id":622,"href":"https:\/\/www.heraproductions.ch\/index.php?rest_route=\/wp\/v2\/pages\/509\/revisions\/622"}],"up":[{"embeddable":true,"href":"https:\/\/www.heraproductions.ch\/index.php?rest_route=\/wp\/v2\/pages\/18"}],"wp:attachment":[{"href":"https:\/\/www.heraproductions.ch\/index.php?rest_route=%2Fwp%2Fv2%2Fmedia&parent=509"}],"curies":[{"name":"wp","href":"https:\/\/api.w.org\/{rel}","templated":true}]}}