{"id":69,"date":"2010-12-15T22:38:08","date_gmt":"2010-12-15T21:38:08","guid":{"rendered":"http:\/\/www.heraproductions.ch\/?page_id=69"},"modified":"2021-09-26T14:27:16","modified_gmt":"2021-09-26T12:27:16","slug":"erzahlnacht","status":"publish","type":"page","link":"https:\/\/www.heraproductions.ch\/?page_id=69","title":{"rendered":"Erz\u00e4hlnacht"},"content":{"rendered":"<div class=\"fusion-fullwidth fullwidth-box fusion-builder-row-1 fusion-flex-container nonhundred-percent-fullwidth non-hundred-percent-height-scrolling\" style=\"--awb-border-radius-top-left:0px;--awb-border-radius-top-right:0px;--awb-border-radius-bottom-right:0px;--awb-border-radius-bottom-left:0px;--awb-flex-wrap:wrap;\" ><div class=\"fusion-builder-row fusion-row fusion-flex-align-items-flex-start fusion-flex-content-wrap\" style=\"max-width:1248px;margin-left: calc(-4% \/ 2 );margin-right: calc(-4% \/ 2 );\"><div class=\"fusion-layout-column fusion_builder_column fusion-builder-column-0 fusion_builder_column_2_3 2_3 fusion-flex-column\" style=\"--awb-bg-size:cover;--awb-width-large:66.666666666667%;--awb-margin-top-large:0px;--awb-spacing-right-large:2.88%;--awb-margin-bottom-large:0px;--awb-spacing-left-large:2.88%;--awb-width-medium:66.666666666667%;--awb-spacing-right-medium:2.88%;--awb-spacing-left-medium:2.88%;--awb-width-small:100%;--awb-spacing-right-small:1.92%;--awb-spacing-left-small:1.92%;\"><div class=\"fusion-column-wrapper fusion-flex-justify-content-flex-start fusion-content-layout-column\"><div class=\"fusion-text fusion-text-1\"><div>\n<h4>Erz\u00e4hlnacht 2009<\/h4>\n<\/div>\n<div>Motto: \u201eAls die Welt noch jung war\u201c <\/div>\n<\/p>\n<p>17 Uhr: \u201eDrei St\u00fchle\u201c Theater mit der Theaterklasse Davos Platz (<a href=\"http:\/\/www.heraproductions.ch\/wp-content\/uploads\/07_theater\/Erzaehlnacht2009.pdf\" target=\"_blank\" rel=\"noopener\">Programm<\/a>)<\/p>\n<p>20.15 Uhr: Im Rahmen der Schweizer Erz\u00e4hlnacht 2009 und aus Anlass des Darwin-Jahres referiert Dr. J\u00fcrg P. M\u00fcller, Biologe, \u00fcber die Lehre des grossen Naturforschers Charles Darwin. Den Einstieg ins Thema gestaltet Cornelia Lindner.<\/p>\n<p>Die Schweizer Erz\u00e4hlnacht ist ein Gemeinschaftprojekt des Schweizerischen Instituts f\u00fcr Kinder- und Jugendmedien in Zusammenarbeit mit Bibliomedia Schweiz und UNICEF Schweiz. Die Organisationen rufen jeweils am 2. Freitag im November zu einer gemeinsamen Erz\u00e4hlnacht unter einem Motto auf.<\/p>\n<\/p>\n<p><img decoding=\"async\" alt=\"Cornelia Lindner (rechts) mit Anita Fl\u00fctsch\" src=\"http:\/\/www.heraproductions.ch\/wp-content\/uploads\/07_theater\/2009-11-03_020.jpg\" title=\"Erz\u00e4hlnacht 2009\" height=\"160\">  <\/p>\n<p>Bild: Cornelia Lindner (rechts) mit Anita Fl\u00fctsch<\/p>\n<\/div><\/div><\/div><div class=\"fusion-layout-column fusion_builder_column fusion-builder-column-1 fusion_builder_column_1_3 1_3 fusion-flex-column\" style=\"--awb-bg-size:cover;--awb-width-large:33.333333333333%;--awb-margin-top-large:0px;--awb-spacing-right-large:5.76%;--awb-margin-bottom-large:0px;--awb-spacing-left-large:5.76%;--awb-width-medium:33.333333333333%;--awb-spacing-right-medium:5.76%;--awb-spacing-left-medium:5.76%;--awb-width-small:100%;--awb-spacing-right-small:1.92%;--awb-spacing-left-small:1.92%;\"><div class=\"fusion-column-wrapper fusion-flex-justify-content-flex-start fusion-content-layout-column\"><div class=\"fusion-reading-box-container reading-box-container-1\" style=\"--awb-title-color:#000000;--awb-margin-top:80px;--awb-margin-bottom:20px;\"><div class=\"reading-box\" style=\"background-color:#f9f9fb;border-width:1px;border-color:rgba(226,226,226,0);border-left-width:3px;border-left-color:var(--primary_color);border-style:solid;\"><h2>Es ist die Kunst - zu leben!<\/h2><div class=\"reading-box-description fusion-reading-box-additional\">Rainer Maria Rilke<\/div><div class=\"reading-box-additional\">\n<p><\/p>\n<\/div><div class=\"fusion-clearfix\"><\/div><\/div><\/div><\/div><\/div><\/div><\/div>\n","protected":false},"excerpt":{"rendered":"","protected":false},"author":6,"featured_media":0,"parent":20,"menu_order":0,"comment_status":"closed","ping_status":"closed","template":"","meta":{"footnotes":""},"class_list":["post-69","page","type-page","status-publish","hentry"],"_links":{"self":[{"href":"https:\/\/www.heraproductions.ch\/index.php?rest_route=\/wp\/v2\/pages\/69","targetHints":{"allow":["GET"]}}],"collection":[{"href":"https:\/\/www.heraproductions.ch\/index.php?rest_route=\/wp\/v2\/pages"}],"about":[{"href":"https:\/\/www.heraproductions.ch\/index.php?rest_route=\/wp\/v2\/types\/page"}],"author":[{"embeddable":true,"href":"https:\/\/www.heraproductions.ch\/index.php?rest_route=\/wp\/v2\/users\/6"}],"replies":[{"embeddable":true,"href":"https:\/\/www.heraproductions.ch\/index.php?rest_route=%2Fwp%2Fv2%2Fcomments&post=69"}],"version-history":[{"count":24,"href":"https:\/\/www.heraproductions.ch\/index.php?rest_route=\/wp\/v2\/pages\/69\/revisions"}],"predecessor-version":[{"id":708,"href":"https:\/\/www.heraproductions.ch\/index.php?rest_route=\/wp\/v2\/pages\/69\/revisions\/708"}],"up":[{"embeddable":true,"href":"https:\/\/www.heraproductions.ch\/index.php?rest_route=\/wp\/v2\/pages\/20"}],"wp:attachment":[{"href":"https:\/\/www.heraproductions.ch\/index.php?rest_route=%2Fwp%2Fv2%2Fmedia&parent=69"}],"curies":[{"name":"wp","href":"https:\/\/api.w.org\/{rel}","templated":true}]}}