{"id":72,"date":"2010-12-15T22:37:55","date_gmt":"2010-12-15T21:37:55","guid":{"rendered":"http:\/\/www.heraproductions.ch\/?page_id=72"},"modified":"2021-09-26T14:18:58","modified_gmt":"2021-09-26T12:18:58","slug":"farbsturme-und-hohenrausch","status":"publish","type":"page","link":"https:\/\/www.heraproductions.ch\/?page_id=72","title":{"rendered":"Farbst\u00fcrme und H\u00f6henrausch"},"content":{"rendered":"<div class=\"fusion-fullwidth fullwidth-box fusion-builder-row-1 fusion-flex-container nonhundred-percent-fullwidth non-hundred-percent-height-scrolling\" style=\"--awb-border-radius-top-left:0px;--awb-border-radius-top-right:0px;--awb-border-radius-bottom-right:0px;--awb-border-radius-bottom-left:0px;--awb-flex-wrap:wrap;\" ><div class=\"fusion-builder-row fusion-row fusion-flex-align-items-flex-start fusion-flex-content-wrap\" style=\"max-width:1248px;margin-left: calc(-4% \/ 2 );margin-right: calc(-4% \/ 2 );\"><div class=\"fusion-layout-column fusion_builder_column fusion-builder-column-0 fusion_builder_column_1_1 1_1 fusion-flex-column\" style=\"--awb-bg-size:cover;--awb-width-large:100%;--awb-margin-top-large:0px;--awb-spacing-right-large:1.92%;--awb-margin-bottom-large:0px;--awb-spacing-left-large:1.92%;--awb-width-medium:100%;--awb-spacing-right-medium:1.92%;--awb-spacing-left-medium:1.92%;--awb-width-small:100%;--awb-spacing-right-small:1.92%;--awb-spacing-left-small:1.92%;\"><div class=\"fusion-column-wrapper fusion-flex-justify-content-flex-start fusion-content-layout-column\"><div class=\"fusion-text fusion-text-1\"><h4>Szenische Lesung zu \u201eEmil Nolde\u201c<\/h4>\n<p>F\u00fcr Emil Nolde waren Farben sein Gl\u00fcck und \u201emir ist es, als ob sie meine H\u00e4nde liebten.\u201c Die Schauspieler Cornelia Lindner und Rico Lutz zeigen in der Lesung \u201eFarbst\u00fcrme und H\u00f6henrausch\u201c den als Maler des deutschen Expressionismus bekannten Emil Nolde als einen, der mit einzigartigem Enthusiasmus und voll Energie f\u00fcr die Malerei lebte. Einer, dessen innerstes wirkliches Wesen seine Sprache im Malen findet und der seine Zeit am liebsten im Freien \u2013 \u201ebei meinen Freunden, den Bergen\u201c \u2013 verbringt. Er malt die Bergriesen in Aquarellen und entdeckt sich \u201ein der fast unbezwingbaren Wirklichkeit\u201c als Bergsteiger.<\/p>\n<p>Die szenische Lesung l\u00e4sst diesen eindr\u00fccklichen K\u00fcnstler noch einmal aufleben und zeigt ihn von seiner unbekanntesten Seite, die Passagen sind wiederum untermalt von beschwingenden Ukulele-Kl\u00e4ngen.<\/p>\n<p><img decoding=\"async\" title=\"Szenische Lesung 2010\" src=\"httP:\/\/www.heraproductions.ch\/wp-content\/uploads\/03_lesungen\/2010_szenische_lesung_01.jpg\" alt=\"\" height=\"160\">   <img decoding=\"async\" title=\"Szenische Lesung 2010\" src=\"http:\/\/www.heraproductions.ch\/wp-content\/uploads\/03_lesungen\/2010_szenische_lesung_02.jpg\" alt=\"\" height=\"160\">   <img decoding=\"async\" title=\"Szenische Lesung 2010\" src=\"http:\/\/www.heraproductions.ch\/wp-content\/uploads\/03_lesungen\/2010_szenische_lesung_03.jpg\" alt=\"\" height=\"160\">   <img decoding=\"async\" title=\"Szenische Lesung 2010\" src=\"http:\/\/www.heraproductions.ch\/wp-content\/uploads\/03_lesungen\/2010_szenische_lesung_04.jpg\" alt=\"\" height=\"160\"><\/p>\n<p><a href=\"http:\/\/www.heraproductions.ch\/wp-content\/uploads\/03_lesungen\/2011_DavoserZeitung_20110215.pdf\"><img decoding=\"async\" class=\"alignnone\" title=\"Davoser Zeitung\" src=\"http:\/\/www.heraproductions.ch\/wp-content\/uploads\/03_lesungen\/2011_DavoserZeitung_20110215.jpg\" alt=\"Artikel in der Davoser Zeitung vom 15.02.2011\" width=\"118\" height=\"160\"><\/a><\/p>\n<p><b><\/b><\/p>\n<\/div><\/div><\/div><\/div><\/div>\n","protected":false},"excerpt":{"rendered":"","protected":false},"author":6,"featured_media":0,"parent":12,"menu_order":2,"comment_status":"closed","ping_status":"closed","template":"","meta":{"footnotes":""},"class_list":["post-72","page","type-page","status-publish","hentry"],"_links":{"self":[{"href":"https:\/\/www.heraproductions.ch\/index.php?rest_route=\/wp\/v2\/pages\/72","targetHints":{"allow":["GET"]}}],"collection":[{"href":"https:\/\/www.heraproductions.ch\/index.php?rest_route=\/wp\/v2\/pages"}],"about":[{"href":"https:\/\/www.heraproductions.ch\/index.php?rest_route=\/wp\/v2\/types\/page"}],"author":[{"embeddable":true,"href":"https:\/\/www.heraproductions.ch\/index.php?rest_route=\/wp\/v2\/users\/6"}],"replies":[{"embeddable":true,"href":"https:\/\/www.heraproductions.ch\/index.php?rest_route=%2Fwp%2Fv2%2Fcomments&post=72"}],"version-history":[{"count":16,"href":"https:\/\/www.heraproductions.ch\/index.php?rest_route=\/wp\/v2\/pages\/72\/revisions"}],"predecessor-version":[{"id":707,"href":"https:\/\/www.heraproductions.ch\/index.php?rest_route=\/wp\/v2\/pages\/72\/revisions\/707"}],"up":[{"embeddable":true,"href":"https:\/\/www.heraproductions.ch\/index.php?rest_route=\/wp\/v2\/pages\/12"}],"wp:attachment":[{"href":"https:\/\/www.heraproductions.ch\/index.php?rest_route=%2Fwp%2Fv2%2Fmedia&parent=72"}],"curies":[{"name":"wp","href":"https:\/\/api.w.org\/{rel}","templated":true}]}}